{"id":1531,"date":"2020-04-28T10:47:43","date_gmt":"2020-04-28T08:47:43","guid":{"rendered":"https:\/\/siebeck.de\/?page_id=1531"},"modified":"2022-12-01T17:19:34","modified_gmt":"2022-12-01T16:19:34","slug":"company","status":"publish","type":"page","link":"https:\/\/siebeck.de\/en\/company\/","title":{"rendered":"Company"},"content":{"rendered":"\t\t<div data-elementor-type=\"wp-post\" data-elementor-id=\"1531\" class=\"elementor elementor-1531 elementor-420\" data-elementor-post-type=\"page\">\n\t\t\t\t\t\t<section class=\"elementor-section elementor-top-section elementor-element elementor-element-ac041d3 elementor-section-boxed elementor-section-height-default elementor-section-height-default\" data-id=\"ac041d3\" data-element_type=\"section\" data-e-type=\"section\">\n\t\t\t\t\t\t<div class=\"elementor-container elementor-column-gap-default\">\n\t\t\t\t\t<div class=\"elementor-column elementor-col-66 elementor-top-column elementor-element elementor-element-59921d8\" data-id=\"59921d8\" data-element_type=\"column\" data-e-type=\"column\">\n\t\t\t<div class=\"elementor-widget-wrap elementor-element-populated\">\n\t\t\t\t\t\t<div class=\"elementor-element elementor-element-5ed0de2 elementor-widget elementor-widget-heading\" data-id=\"5ed0de2\" data-element_type=\"widget\" data-e-type=\"widget\" data-widget_type=\"heading.default\">\n\t\t\t\t<div class=\"elementor-widget-container\">\n\t\t\t\t\t<h1 class=\"elementor-heading-title elementor-size-default\">Company<\/h1>\t\t\t\t<\/div>\n\t\t\t\t<\/div>\n\t\t\t\t<div class=\"elementor-element elementor-element-4a9ace0 elementor-widget elementor-widget-heading\" data-id=\"4a9ace0\" data-element_type=\"widget\" data-e-type=\"widget\" data-widget_type=\"heading.default\">\n\t\t\t\t<div class=\"elementor-widget-container\">\n\t\t\t\t\t<h4 class=\"elementor-heading-title elementor-size-default\">History of Siebeck GmbH<\/h4>\t\t\t\t<\/div>\n\t\t\t\t<\/div>\n\t\t\t\t<div class=\"elementor-element elementor-element-ee5aa25 elementor-widget elementor-widget-text-editor\" data-id=\"ee5aa25\" data-element_type=\"widget\" data-e-type=\"widget\" data-widget_type=\"text-editor.default\">\n\t\t\t\t<div class=\"elementor-widget-container\">\n\t\t\t\t\t\t\t\t\t<p>The foundation stone for the more than 150-year old company SIEBECK was laid in Wangen\/ Allg\u00e4u in 1866 by Ludwig Richard Siebeck. His son Karl Otto Siebeck moved the business to Eberbach in 1907 with the acquisition of the shutdown horsehair spinning mill Sigmund und Maas.<\/p><p>Just before the 1st World War the production was expanded with the manufacture of roofer shoes. At that time these were used as inexpensive work shoes, above all in the mines of the Ruhr region. During the war, as production essential for the war effort mainly tension twines for the artillery were manufactured.<\/p><p>In 1924, after the end of the 1st World War, a new building could be constructed in order to meet the growing demand for sisal harvesting twine. During the course of the next decade, sisal developed to become the main product of the company SIEBECK. In 1927 the production of camel hair slippers began and the Schuhfabrik Otto Siebeck was founded.<\/p><p>The company Siebeck was also affected by the horror of the NS period. As the war progressed, the rationing and the missing raw materials were noticed first. Consequently the production of the camel hair slippers had to be discontinued, and in this time the baler twines were not made from sisal, rather from paper.<\/p><p>After the end of the 2nd World War the loss of the sales regions situated in East Germany lead to a drastic reduction in the demand for sisal products, which were ultimately discontinued in 1956. For this reason the production and the sale of slippers resumed after the war was intensified and expanded with women&#8217;s shoes. In 1968 the increased import of shoes from &#8220;Low-wage countries&#8221; ultimately ensured for a reorientation. From this moment on SIEBECK begins to concentrate on the development, production and marketing of <a href=\"https:\/\/siebeck.de\/en\/products\/\">tying machines<\/a>.<\/p><p>Since this time SIEBECK has continuously expanded its position in the market. Thanks to the power of innovation from Eberbach and more than 60 dealers worldwide, SIEBECK machines are in operation on every continent in the world.<\/p><p>In the 90&#8217;s an innovative expansion of the product range occurred at SIEBECK with the FR models developed especially for the meat industry. Up until then the applications of the tying technology were restricted to Non-Food products. A completely new market was created with this new range of models.<\/p><p>In 2007, with Nico Siebeck the management of the company SIEBECK passes to the 4th generation. In 2009, just 2 years later, one of the greatest changes in the company&#8217;s history occurs. In order to meet the significantly increased demand, the company moves from the historical site in the G\u00fcterbahnhofsstra\u00dfe to the Friedrichsdorfer Landstra\u00dfe.<\/p><p>After the move to the larger premises, in 2012 a further milestone was achieved. In this year the 10,000th machine went on the market. Since then Siebeck is Global Market Leader in tying technology. Just one year later, the tying technology division of the company Mosca was taken over. Well known Mosca models such as RA-A, RA-T and RA-TF will also still be supplied with replacement parts from SIEBECK, supported with services and continuously further developed in the form of the current product range.<\/p>\t\t\t\t\t\t\t\t<\/div>\n\t\t\t\t<\/div>\n\t\t\t\t\t<\/div>\n\t\t<\/div>\n\t\t\t\t<div class=\"elementor-column elementor-col-33 elementor-top-column elementor-element elementor-element-6f4e3e1\" data-id=\"6f4e3e1\" data-element_type=\"column\" data-e-type=\"column\">\n\t\t\t<div class=\"elementor-widget-wrap\">\n\t\t\t\t\t\t\t<\/div>\n\t\t<\/div>\n\t\t\t\t\t<\/div>\n\t\t<\/section>\n\t\t\t\t<section class=\"elementor-section elementor-top-section elementor-element elementor-element-ffcfccc elementor-section-boxed elementor-section-height-default elementor-section-height-default\" data-id=\"ffcfccc\" data-element_type=\"section\" data-e-type=\"section\">\n\t\t\t\t\t\t<div class=\"elementor-container elementor-column-gap-default\">\n\t\t\t\t\t<div class=\"elementor-column elementor-col-100 elementor-top-column elementor-element elementor-element-6f8fda2\" data-id=\"6f8fda2\" data-element_type=\"column\" data-e-type=\"column\">\n\t\t\t<div class=\"elementor-widget-wrap elementor-element-populated\">\n\t\t\t\t\t\t<div class=\"elementor-element elementor-element-9f9e6a1 elementor-widget elementor-widget-template\" data-id=\"9f9e6a1\" data-element_type=\"widget\" data-e-type=\"widget\" data-widget_type=\"template.default\">\n\t\t\t\t<div class=\"elementor-widget-container\">\n\t\t\t\t\t\t\t<div class=\"elementor-template\">\n\t\t\t\t\t<div data-elementor-type=\"section\" data-elementor-id=\"1658\" class=\"elementor elementor-1658 elementor-1259 elementor-1259\" data-elementor-post-type=\"elementor_library\">\n\t\t\t\t\t<section class=\"elementor-section elementor-top-section elementor-element elementor-element-6d69c33a elementor-section-boxed elementor-section-height-default elementor-section-height-default\" data-id=\"6d69c33a\" data-element_type=\"section\" data-e-type=\"section\" data-settings=\"{&quot;background_background&quot;:&quot;classic&quot;}\">\n\t\t\t\t\t\t<div class=\"elementor-container elementor-column-gap-default\">\n\t\t\t\t\t<div class=\"elementor-column elementor-col-50 elementor-top-column elementor-element elementor-element-c83537b\" data-id=\"c83537b\" data-element_type=\"column\" data-e-type=\"column\" data-settings=\"{&quot;background_background&quot;:&quot;classic&quot;}\">\n\t\t\t<div class=\"elementor-widget-wrap elementor-element-populated\">\n\t\t\t\t\t\t<div class=\"elementor-element elementor-element-59e59960 elementor-widget elementor-widget-heading\" data-id=\"59e59960\" data-element_type=\"widget\" data-e-type=\"widget\" data-widget_type=\"heading.default\">\n\t\t\t\t<div class=\"elementor-widget-container\">\n\t\t\t\t\t<h2 class=\"elementor-heading-title elementor-size-default\">Products<\/h2>\t\t\t\t<\/div>\n\t\t\t\t<\/div>\n\t\t\t\t<div class=\"elementor-element elementor-element-1a2ea671 elementor-widget elementor-widget-spacer\" data-id=\"1a2ea671\" data-element_type=\"widget\" data-e-type=\"widget\" data-widget_type=\"spacer.default\">\n\t\t\t\t<div class=\"elementor-widget-container\">\n\t\t\t\t\t\t\t<div class=\"elementor-spacer\">\n\t\t\t<div class=\"elementor-spacer-inner\"><\/div>\n\t\t<\/div>\n\t\t\t\t\t\t<\/div>\n\t\t\t\t<\/div>\n\t\t\t\t<div class=\"elementor-element elementor-element-520529fb elementor-widget elementor-widget-text-editor\" data-id=\"520529fb\" data-element_type=\"widget\" data-e-type=\"widget\" data-widget_type=\"text-editor.default\">\n\t\t\t\t<div class=\"elementor-widget-container\">\n\t\t\t\t\t\t\t\t\t<p>Siebeck provides tying machines for<br \/>\nthe food industry and universal use. See for yourself:<\/p>\n\t\t\t\t\t\t\t\t<\/div>\n\t\t\t\t<\/div>\n\t\t\t\t<div class=\"elementor-element elementor-element-2fe21733 elementor-widget elementor-widget-spacer\" data-id=\"2fe21733\" data-element_type=\"widget\" data-e-type=\"widget\" data-widget_type=\"spacer.default\">\n\t\t\t\t<div class=\"elementor-widget-container\">\n\t\t\t\t\t\t\t<div class=\"elementor-spacer\">\n\t\t\t<div class=\"elementor-spacer-inner\"><\/div>\n\t\t<\/div>\n\t\t\t\t\t\t<\/div>\n\t\t\t\t<\/div>\n\t\t\t\t<div class=\"elementor-element elementor-element-59aee123 elementor-align-center elementor-widget elementor-widget-button\" data-id=\"59aee123\" data-element_type=\"widget\" data-e-type=\"widget\" data-widget_type=\"button.default\">\n\t\t\t\t<div class=\"elementor-widget-container\">\n\t\t\t\t\t\t\t\t\t<div class=\"elementor-button-wrapper\">\n\t\t\t\t\t<a class=\"elementor-button elementor-button-link elementor-size-sm\" href=\"https:\/\/siebeck.de\/en\/products\/\">\n\t\t\t\t\t\t<span class=\"elementor-button-content-wrapper\">\n\t\t\t\t\t\t\t\t\t<span class=\"elementor-button-text\">Go to Products<\/span>\n\t\t\t\t\t<\/span>\n\t\t\t\t\t<\/a>\n\t\t\t\t<\/div>\n\t\t\t\t\t\t\t\t<\/div>\n\t\t\t\t<\/div>\n\t\t\t\t\t<\/div>\n\t\t<\/div>\n\t\t\t\t<div class=\"elementor-column elementor-col-50 elementor-top-column elementor-element elementor-element-3de06e2c\" data-id=\"3de06e2c\" data-element_type=\"column\" data-e-type=\"column\" data-settings=\"{&quot;background_background&quot;:&quot;classic&quot;}\">\n\t\t\t<div class=\"elementor-widget-wrap elementor-element-populated\">\n\t\t\t\t\t\t<div class=\"elementor-element elementor-element-64c2a7ea elementor-widget elementor-widget-heading\" data-id=\"64c2a7ea\" data-element_type=\"widget\" data-e-type=\"widget\" data-widget_type=\"heading.default\">\n\t\t\t\t<div class=\"elementor-widget-container\">\n\t\t\t\t\t<h2 class=\"elementor-heading-title elementor-size-default\">Contact<\/h2>\t\t\t\t<\/div>\n\t\t\t\t<\/div>\n\t\t\t\t<div class=\"elementor-element elementor-element-6abfd044 elementor-widget elementor-widget-spacer\" data-id=\"6abfd044\" data-element_type=\"widget\" data-e-type=\"widget\" data-widget_type=\"spacer.default\">\n\t\t\t\t<div class=\"elementor-widget-container\">\n\t\t\t\t\t\t\t<div class=\"elementor-spacer\">\n\t\t\t<div class=\"elementor-spacer-inner\"><\/div>\n\t\t<\/div>\n\t\t\t\t\t\t<\/div>\n\t\t\t\t<\/div>\n\t\t\t\t<div class=\"elementor-element elementor-element-1314f26c elementor-widget elementor-widget-text-editor\" data-id=\"1314f26c\" data-element_type=\"widget\" data-e-type=\"widget\" data-widget_type=\"text-editor.default\">\n\t\t\t\t<div class=\"elementor-widget-container\">\n\t\t\t\t\t\t\t\t\t<p>Any Questions?<br \/>\nWe are happy to provide more information for your individual requirements.<\/p>\n\t\t\t\t\t\t\t\t<\/div>\n\t\t\t\t<\/div>\n\t\t\t\t<div class=\"elementor-element elementor-element-67dbeab7 elementor-widget elementor-widget-spacer\" data-id=\"67dbeab7\" data-element_type=\"widget\" data-e-type=\"widget\" data-widget_type=\"spacer.default\">\n\t\t\t\t<div class=\"elementor-widget-container\">\n\t\t\t\t\t\t\t<div class=\"elementor-spacer\">\n\t\t\t<div class=\"elementor-spacer-inner\"><\/div>\n\t\t<\/div>\n\t\t\t\t\t\t<\/div>\n\t\t\t\t<\/div>\n\t\t\t\t<div class=\"elementor-element elementor-element-34876f82 elementor-align-center elementor-widget elementor-widget-button\" data-id=\"34876f82\" data-element_type=\"widget\" data-e-type=\"widget\" data-widget_type=\"button.default\">\n\t\t\t\t<div class=\"elementor-widget-container\">\n\t\t\t\t\t\t\t\t\t<div class=\"elementor-button-wrapper\">\n\t\t\t\t\t<a class=\"elementor-button elementor-button-link elementor-size-sm\" href=\"https:\/\/siebeck.de\/en\/contact\/\">\n\t\t\t\t\t\t<span class=\"elementor-button-content-wrapper\">\n\t\t\t\t\t\t\t\t\t<span class=\"elementor-button-text\">Contact<\/span>\n\t\t\t\t\t<\/span>\n\t\t\t\t\t<\/a>\n\t\t\t\t<\/div>\n\t\t\t\t\t\t\t\t<\/div>\n\t\t\t\t<\/div>\n\t\t\t\t\t<\/div>\n\t\t<\/div>\n\t\t\t\t\t<\/div>\n\t\t<\/section>\n\t\t\t\t<\/div>\n\t\t\t\t<\/div>\n\t\t\t\t\t\t<\/div>\n\t\t\t\t<\/div>\n\t\t\t\t\t<\/div>\n\t\t<\/div>\n\t\t\t\t\t<\/div>\n\t\t<\/section>\n\t\t\t\t<\/div>\n\t\t","protected":false},"excerpt":{"rendered":"<p>Company History of Siebeck GmbH The foundation stone for the more than 150-year old company SIEBECK was laid in Wangen\/ Allg\u00e4u<\/p>\n","protected":false},"author":3,"featured_media":0,"parent":0,"menu_order":0,"comment_status":"closed","ping_status":"closed","template":"elementor_header_footer","meta":{"footnotes":""},"class_list":["post-1531","page","type-page","status-publish","hentry"],"acf":[],"yoast_head":"<!-- This site is optimized with the Yoast SEO plugin v27.0 - https:\/\/yoast.com\/product\/yoast-seo-wordpress\/ -->\n<title>How SIEBECK became global leader for string tying machines<\/title>\n<meta name=\"description\" content=\"Learn how SIEBECK became global leader for string tying machines and what the company stands for today.\" \/>\n<meta name=\"robots\" content=\"index, follow, max-snippet:-1, max-image-preview:large, max-video-preview:-1\" \/>\n<link rel=\"canonical\" href=\"https:\/\/siebeck.de\/en\/company\/\" \/>\n<meta property=\"og:locale\" content=\"en_US\" \/>\n<meta property=\"og:type\" content=\"article\" \/>\n<meta property=\"og:title\" content=\"How SIEBECK became global leader for string tying machines\" \/>\n<meta property=\"og:description\" content=\"Learn how SIEBECK became global leader for string tying machines and what the company stands for today.\" \/>\n<meta property=\"og:url\" content=\"https:\/\/siebeck.de\/en\/company\/\" \/>\n<meta property=\"og:site_name\" content=\"Siebeck GmbH\" \/>\n<meta property=\"article:modified_time\" content=\"2022-12-01T16:19:34+00:00\" \/>\n<meta name=\"twitter:card\" content=\"summary_large_image\" \/>\n<meta name=\"twitter:label1\" content=\"Est. reading time\" \/>\n\t<meta name=\"twitter:data1\" content=\"4 minutes\" \/>\n<script type=\"application\/ld+json\" class=\"yoast-schema-graph\">{\"@context\":\"https:\/\/schema.org\",\"@graph\":[{\"@type\":\"WebPage\",\"@id\":\"https:\/\/siebeck.de\/en\/company\/\",\"url\":\"https:\/\/siebeck.de\/en\/company\/\",\"name\":\"How SIEBECK became global leader for string tying machines\",\"isPartOf\":{\"@id\":\"https:\/\/siebeck.de\/en\/#website\"},\"datePublished\":\"2020-04-28T08:47:43+00:00\",\"dateModified\":\"2022-12-01T16:19:34+00:00\",\"description\":\"Learn how SIEBECK became global leader for string tying machines and what the company stands for today.\",\"breadcrumb\":{\"@id\":\"https:\/\/siebeck.de\/en\/company\/#breadcrumb\"},\"inLanguage\":\"en-US\",\"potentialAction\":[{\"@type\":\"ReadAction\",\"target\":[\"https:\/\/siebeck.de\/en\/company\/\"]}]},{\"@type\":\"BreadcrumbList\",\"@id\":\"https:\/\/siebeck.de\/en\/company\/#breadcrumb\",\"itemListElement\":[{\"@type\":\"ListItem\",\"position\":1,\"name\":\"Startseite\",\"item\":\"https:\/\/siebeck.de\/en\/\"},{\"@type\":\"ListItem\",\"position\":2,\"name\":\"Company\"}]},{\"@type\":\"WebSite\",\"@id\":\"https:\/\/siebeck.de\/en\/#website\",\"url\":\"https:\/\/siebeck.de\/en\/\",\"name\":\"Siebeck GmbH\",\"description\":\"Verschn\u00fcrmaschinen &amp; Knoteraggregate f\u00fcr Lebensmittelindustrie und Universaleinsatz\",\"publisher\":{\"@id\":\"https:\/\/siebeck.de\/en\/#organization\"},\"potentialAction\":[{\"@type\":\"SearchAction\",\"target\":{\"@type\":\"EntryPoint\",\"urlTemplate\":\"https:\/\/siebeck.de\/en\/?s={search_term_string}\"},\"query-input\":{\"@type\":\"PropertyValueSpecification\",\"valueRequired\":true,\"valueName\":\"search_term_string\"}}],\"inLanguage\":\"en-US\"},{\"@type\":\"Organization\",\"@id\":\"https:\/\/siebeck.de\/en\/#organization\",\"name\":\"Siebeck GmbH\",\"url\":\"https:\/\/siebeck.de\/en\/\",\"logo\":{\"@type\":\"ImageObject\",\"inLanguage\":\"en-US\",\"@id\":\"https:\/\/siebeck.de\/en\/#\/schema\/logo\/image\/\",\"url\":\"https:\/\/siebeck.de\/wp-content\/uploads\/logo.png\",\"contentUrl\":\"https:\/\/siebeck.de\/wp-content\/uploads\/logo.png\",\"width\":275,\"height\":30,\"caption\":\"Siebeck GmbH\"},\"image\":{\"@id\":\"https:\/\/siebeck.de\/en\/#\/schema\/logo\/image\/\"}}]}<\/script>\n<!-- \/ Yoast SEO plugin. -->","yoast_head_json":{"title":"How SIEBECK became global leader for string tying machines","description":"Learn how SIEBECK became global leader for string tying machines and what the company stands for today.","robots":{"index":"index","follow":"follow","max-snippet":"max-snippet:-1","max-image-preview":"max-image-preview:large","max-video-preview":"max-video-preview:-1"},"canonical":"https:\/\/siebeck.de\/en\/company\/","og_locale":"en_US","og_type":"article","og_title":"How SIEBECK became global leader for string tying machines","og_description":"Learn how SIEBECK became global leader for string tying machines and what the company stands for today.","og_url":"https:\/\/siebeck.de\/en\/company\/","og_site_name":"Siebeck GmbH","article_modified_time":"2022-12-01T16:19:34+00:00","twitter_card":"summary_large_image","twitter_misc":{"Est. reading time":"4 minutes"},"schema":{"@context":"https:\/\/schema.org","@graph":[{"@type":"WebPage","@id":"https:\/\/siebeck.de\/en\/company\/","url":"https:\/\/siebeck.de\/en\/company\/","name":"How SIEBECK became global leader for string tying machines","isPartOf":{"@id":"https:\/\/siebeck.de\/en\/#website"},"datePublished":"2020-04-28T08:47:43+00:00","dateModified":"2022-12-01T16:19:34+00:00","description":"Learn how SIEBECK became global leader for string tying machines and what the company stands for today.","breadcrumb":{"@id":"https:\/\/siebeck.de\/en\/company\/#breadcrumb"},"inLanguage":"en-US","potentialAction":[{"@type":"ReadAction","target":["https:\/\/siebeck.de\/en\/company\/"]}]},{"@type":"BreadcrumbList","@id":"https:\/\/siebeck.de\/en\/company\/#breadcrumb","itemListElement":[{"@type":"ListItem","position":1,"name":"Startseite","item":"https:\/\/siebeck.de\/en\/"},{"@type":"ListItem","position":2,"name":"Company"}]},{"@type":"WebSite","@id":"https:\/\/siebeck.de\/en\/#website","url":"https:\/\/siebeck.de\/en\/","name":"Siebeck GmbH","description":"Verschn\u00fcrmaschinen &amp; Knoteraggregate f\u00fcr Lebensmittelindustrie und Universaleinsatz","publisher":{"@id":"https:\/\/siebeck.de\/en\/#organization"},"potentialAction":[{"@type":"SearchAction","target":{"@type":"EntryPoint","urlTemplate":"https:\/\/siebeck.de\/en\/?s={search_term_string}"},"query-input":{"@type":"PropertyValueSpecification","valueRequired":true,"valueName":"search_term_string"}}],"inLanguage":"en-US"},{"@type":"Organization","@id":"https:\/\/siebeck.de\/en\/#organization","name":"Siebeck GmbH","url":"https:\/\/siebeck.de\/en\/","logo":{"@type":"ImageObject","inLanguage":"en-US","@id":"https:\/\/siebeck.de\/en\/#\/schema\/logo\/image\/","url":"https:\/\/siebeck.de\/wp-content\/uploads\/logo.png","contentUrl":"https:\/\/siebeck.de\/wp-content\/uploads\/logo.png","width":275,"height":30,"caption":"Siebeck GmbH"},"image":{"@id":"https:\/\/siebeck.de\/en\/#\/schema\/logo\/image\/"}}]}},"_links":{"self":[{"href":"https:\/\/siebeck.de\/en\/wp-json\/wp\/v2\/pages\/1531","targetHints":{"allow":["GET"]}}],"collection":[{"href":"https:\/\/siebeck.de\/en\/wp-json\/wp\/v2\/pages"}],"about":[{"href":"https:\/\/siebeck.de\/en\/wp-json\/wp\/v2\/types\/page"}],"author":[{"embeddable":true,"href":"https:\/\/siebeck.de\/en\/wp-json\/wp\/v2\/users\/3"}],"replies":[{"embeddable":true,"href":"https:\/\/siebeck.de\/en\/wp-json\/wp\/v2\/comments?post=1531"}],"version-history":[{"count":12,"href":"https:\/\/siebeck.de\/en\/wp-json\/wp\/v2\/pages\/1531\/revisions"}],"predecessor-version":[{"id":2264,"href":"https:\/\/siebeck.de\/en\/wp-json\/wp\/v2\/pages\/1531\/revisions\/2264"}],"wp:attachment":[{"href":"https:\/\/siebeck.de\/en\/wp-json\/wp\/v2\/media?parent=1531"}],"curies":[{"name":"wp","href":"https:\/\/api.w.org\/{rel}","templated":true}]}}